{"id":310,"date":"2016-04-22T17:19:49","date_gmt":"2016-04-22T16:19:49","guid":{"rendered":"https:\/\/www.black-swan-technology.fr\/?page_id=310"},"modified":"2018-03-26T17:18:01","modified_gmt":"2018-03-26T16:18:01","slug":"custom-semi-custom","status":"publish","type":"page","link":"https:\/\/www.black-swan-technology.fr\/?page_id=310","title":{"rendered":"Custom &#038; Semi-custom"},"content":{"rendered":"","protected":false},"excerpt":{"rendered":"<p>Nous produisons des \u00e9quipements et mat\u00e9riels sur-mesure. Tous les syst\u00e8mes que nous d\u00e9veloppons, produisons et livrons sont configur\u00e9s suivant vos instructions et garantis 100% programmables et compatibles avec votre SIE.<\/p>\n","protected":false},"author":1,"featured_media":554,"parent":0,"menu_order":12,"comment_status":"closed","ping_status":"closed","template":"","meta":{"footnotes":""},"class_list":["post-310","page","type-page","status-publish","has-post-thumbnail","hentry"],"_links":{"self":[{"href":"https:\/\/www.black-swan-technology.fr\/index.php?rest_route=\/wp\/v2\/pages\/310"}],"collection":[{"href":"https:\/\/www.black-swan-technology.fr\/index.php?rest_route=\/wp\/v2\/pages"}],"about":[{"href":"https:\/\/www.black-swan-technology.fr\/index.php?rest_route=\/wp\/v2\/types\/page"}],"author":[{"embeddable":true,"href":"https:\/\/www.black-swan-technology.fr\/index.php?rest_route=\/wp\/v2\/users\/1"}],"replies":[{"embeddable":true,"href":"https:\/\/www.black-swan-technology.fr\/index.php?rest_route=%2Fwp%2Fv2%2Fcomments&post=310"}],"version-history":[{"count":35,"href":"https:\/\/www.black-swan-technology.fr\/index.php?rest_route=\/wp\/v2\/pages\/310\/revisions"}],"predecessor-version":[{"id":1001,"href":"https:\/\/www.black-swan-technology.fr\/index.php?rest_route=\/wp\/v2\/pages\/310\/revisions\/1001"}],"wp:featuredmedia":[{"embeddable":true,"href":"https:\/\/www.black-swan-technology.fr\/index.php?rest_route=\/wp\/v2\/media\/554"}],"wp:attachment":[{"href":"https:\/\/www.black-swan-technology.fr\/index.php?rest_route=%2Fwp%2Fv2%2Fmedia&parent=310"}],"curies":[{"name":"wp","href":"https:\/\/api.w.org\/{rel}","templated":true}]}}