{"id":72,"date":"2016-04-13T21:23:51","date_gmt":"2016-04-13T20:23:51","guid":{"rendered":"https:\/\/www.black-swan-technology.fr\/?page_id=72"},"modified":"2021-02-17T11:51:55","modified_gmt":"2021-02-17T10:51:55","slug":"informatique-industrielle","status":"publish","type":"page","link":"https:\/\/www.black-swan-technology.fr\/?page_id=72","title":{"rendered":"Informatique industrielle"},"content":{"rendered":"","protected":false},"excerpt":{"rendered":"<p>En relation directe avec les Industriels, les Int\u00e9grateurs, et les D\u00e9veloppeurs de machines sp\u00e9ciales, <strong>BLACK SWAN TECHNOLOGY&trade;<\/strong> d\u00e9veloppe et produit des \u00e9quipements informatiques performants et des sous-ensembles intelligents destin\u00e9s aux syst\u00e8mes automatis\u00e9s de contr\u00f4le\/commande de vos machines et de vos process.<\/p>\n","protected":false},"author":1,"featured_media":552,"parent":0,"menu_order":22,"comment_status":"closed","ping_status":"closed","template":"page-activites.php","meta":{"footnotes":""},"class_list":["post-72","page","type-page","status-publish","has-post-thumbnail","hentry"],"_links":{"self":[{"href":"https:\/\/www.black-swan-technology.fr\/index.php?rest_route=\/wp\/v2\/pages\/72"}],"collection":[{"href":"https:\/\/www.black-swan-technology.fr\/index.php?rest_route=\/wp\/v2\/pages"}],"about":[{"href":"https:\/\/www.black-swan-technology.fr\/index.php?rest_route=\/wp\/v2\/types\/page"}],"author":[{"embeddable":true,"href":"https:\/\/www.black-swan-technology.fr\/index.php?rest_route=\/wp\/v2\/users\/1"}],"replies":[{"embeddable":true,"href":"https:\/\/www.black-swan-technology.fr\/index.php?rest_route=%2Fwp%2Fv2%2Fcomments&post=72"}],"version-history":[{"count":15,"href":"https:\/\/www.black-swan-technology.fr\/index.php?rest_route=\/wp\/v2\/pages\/72\/revisions"}],"predecessor-version":[{"id":1757,"href":"https:\/\/www.black-swan-technology.fr\/index.php?rest_route=\/wp\/v2\/pages\/72\/revisions\/1757"}],"wp:featuredmedia":[{"embeddable":true,"href":"https:\/\/www.black-swan-technology.fr\/index.php?rest_route=\/wp\/v2\/media\/552"}],"wp:attachment":[{"href":"https:\/\/www.black-swan-technology.fr\/index.php?rest_route=%2Fwp%2Fv2%2Fmedia&parent=72"}],"curies":[{"name":"wp","href":"https:\/\/api.w.org\/{rel}","templated":true}]}}