{"id":74,"date":"2016-04-13T21:24:17","date_gmt":"2016-04-13T20:24:17","guid":{"rendered":"https:\/\/www.black-swan-technology.fr\/?page_id=74"},"modified":"2016-10-14T17:41:27","modified_gmt":"2016-10-14T16:41:27","slug":"equipement-digitaux-tactiles-immesrifs","status":"publish","type":"page","link":"https:\/\/www.black-swan-technology.fr\/?page_id=74","title":{"rendered":"\u00c9quipements Digitaux, Tactiles &#038; Immersifs"},"content":{"rendered":"","protected":false},"excerpt":{"rendered":"<p>Les Technologies Tactiles et Immersives p\u00e9n\u00e8trent d\u00e9sormais peu \u00e0 peu dans l\u2019entreprise en contribuant \u00e0 r\u00e9inventer, simplifier et optimiser les interfaces homme\/machine et les syst\u00e8mes de supervision. <strong>BLACK SWAN TECHNOLOGY&trade;<\/strong> accompagne ses clients en d\u00e9veloppant des solutions tactiles innovantes et adapt\u00e9es.<\/p>\n","protected":false},"author":1,"featured_media":49,"parent":0,"menu_order":23,"comment_status":"closed","ping_status":"closed","template":"page-activites.php","meta":{"footnotes":""},"class_list":["post-74","page","type-page","status-publish","has-post-thumbnail","hentry"],"_links":{"self":[{"href":"https:\/\/www.black-swan-technology.fr\/index.php?rest_route=\/wp\/v2\/pages\/74"}],"collection":[{"href":"https:\/\/www.black-swan-technology.fr\/index.php?rest_route=\/wp\/v2\/pages"}],"about":[{"href":"https:\/\/www.black-swan-technology.fr\/index.php?rest_route=\/wp\/v2\/types\/page"}],"author":[{"embeddable":true,"href":"https:\/\/www.black-swan-technology.fr\/index.php?rest_route=\/wp\/v2\/users\/1"}],"replies":[{"embeddable":true,"href":"https:\/\/www.black-swan-technology.fr\/index.php?rest_route=%2Fwp%2Fv2%2Fcomments&post=74"}],"version-history":[{"count":41,"href":"https:\/\/www.black-swan-technology.fr\/index.php?rest_route=\/wp\/v2\/pages\/74\/revisions"}],"predecessor-version":[{"id":875,"href":"https:\/\/www.black-swan-technology.fr\/index.php?rest_route=\/wp\/v2\/pages\/74\/revisions\/875"}],"wp:featuredmedia":[{"embeddable":true,"href":"https:\/\/www.black-swan-technology.fr\/index.php?rest_route=\/wp\/v2\/media\/49"}],"wp:attachment":[{"href":"https:\/\/www.black-swan-technology.fr\/index.php?rest_route=%2Fwp%2Fv2%2Fmedia&parent=74"}],"curies":[{"name":"wp","href":"https:\/\/api.w.org\/{rel}","templated":true}]}}